{"id":78,"date":"2019-04-24T13:44:27","date_gmt":"2019-04-24T13:44:27","guid":{"rendered":"https:\/\/itikaf.org\/?page_id=78"},"modified":"2019-04-24T13:44:27","modified_gmt":"2019-04-24T13:44:27","slug":"kadir-gecesi","status":"publish","type":"page","link":"https:\/\/itikaf.org\/en\/kadir-gecesi\/","title":{"rendered":"The night of Qadr"},"content":{"rendered":"<p>In dictionary the word \"Qadr\" has meanings of \"decree, value, honor, power\". In the religious literature, it is called \"Laylat al-Qadr\" which is the night Quran was descended at.<\/p>\n\n\n\n<p>In the Quran, in the 97th Surah called the same name of Qadr, it is stated that it is better than a thousand months.<\/p>\n\n\n\n<p>In a hadith pointing out the importance of Night of Qadr, it is stated that as opposed to the fact that because other nations were given long lives, they could do more good deeds; muslims were given the night of Qadr. ( el-Muvatta\u2019, \u201c\u0130tik\u00e2f\u201d, 6)<\/p>\n\n\n\n<p>Allah's Messenger (\ufdfa) said, \"Whoever establishes the prayers on the night of Qadr out of sincere faith and hoping to attain Allah's rewards (not to show off) then all his past sins will be forgiven.\" (Buh\u00e2r\u00ee, \u00cem\u00e2n 25, Savm 6, Ter\u00e2vih 1, Leylet\u00fc'l-kadr 1; M\u00fcslim, M\u00fcs\u00e2fir\u00een 173-176)<\/p>\n\n\n\n<p>I asked: \"O Messenger of Allah! If I realize Lailat-ul-Qadr (Night of Decree), what should I supplicate in it?\" He (\ufdfa) replied, \"You should supplicate: Allahumma innaka 'afuwwun, tuhibbul-'afwa, fa'fu 'anni (O Allah, You are Most Forgiving, and You love forgiveness; so forgive me).\" (Tirm\u00eez\u00ee, \u201cDa\u2019av\u00e2t\u201d, 84; \u0130bn M\u00e2ce, \u201cDu\u2019a'\u201d, 5)<\/p>\n\n\n\n<h5 class=\"wp-block-heading\">Allah's Messenger (\ufdfa) said, \"Whoever establishes the prayers on the night of Qadr out of sincere faith and hoping to attain Allah's rewards (not to show off) then all his past sins will be forgiven.\" (Buh\u00e2r\u00ee, \u00cem\u00e2n 25, Savm 6, Ter\u00e2vih 1, Leylet\u00fc'l-kadr 1; M\u00fcslim, M\u00fcs\u00e2fir\u00een 173-176)<\/h5>\n\n\n\n<h5 class=\"wp-block-heading\">Allah's Messenger (\ufdfa) said, \"It seems that all your dreams agree that the Night of Qadr is in the last seven nights, and whoever wants to search for it  should search in the last seven nights of Ramadan. (Buh\u00e2r\u00ee, Leylet\u00fc\u2019l-Kadr, 2)<\/h5>\n\n\n\n<h5 class=\"wp-block-heading\">Allah's Messenger (\ufdfa) said, \"Whoever establishes the prayers on the night of Qadr out of sincere faith and hoping to attain Allah's rewards (not to show off) then all his past sins will be forgiven.\" (Buh\u00e2r\u00ee, \u00cem\u00e2n 25, Savm 6, Ter\u00e2vih 1, Leylet\u00fc'l-kadr 1; M\u00fcslim, M\u00fcs\u00e2fir\u00een 173-176)<\/h5>\n\n\n\n<figure class=\"wp-block-image\"><img decoding=\"async\" src=\"https:\/\/web.archive.org\/web\/20180905081646im_\/http:\/\/itikaf.org\/wp-content\/uploads\/2018\/04\/11.jpg\" alt=\"\"\/><\/figure>\n\n\n\n<figure class=\"wp-block-image\"><img decoding=\"async\" src=\"https:\/\/web.archive.org\/web\/20180905081646im_\/http:\/\/itikaf.org\/wp-content\/uploads\/2018\/04\/kadir.png\" alt=\"\"\/><\/figure>\n\n\n\n<p><strong><em>*In the name of Allah, The Most Gracious and The Most Merciful*<\/em><\/strong><\/p>\n\n\n\n<p><strong>1<\/strong>. Indeed, it is We Who sent this Quran down on the Night of Glory.<\/p>\n\n\n\n<p><strong>2<\/strong>. And what will make you realize what the Night of Glory is?<\/p>\n\n\n\n<p><strong>3<\/strong>. The Night of Glory is better than a thousand months.<\/p>\n\n\n\n<p><strong>4<\/strong>. That night the angels and the \u02f9holy\u02fa spirit\u00a0descend, by the permission of their Lord, for every \u02f9decreed\u02fa matter.<\/p>\n\n\n\n<p><strong>5<\/strong>. It is all peace until the break of dawn.<\/p>","protected":false},"excerpt":{"rendered":"<p>S\u00f6zl\u00fckte kadir (kadr) kelimesi \u201ch\u00fck\u00fcm, y\u00fccelik, \u015feref, g\u00fc\u00e7, y\u00fccelik\u201d gibi anlamlara gelir. Din\u00ee literat\u00fcrde \u201cleylet\u00fc\u2019l-Kadr\u201d \u015feklinde Kur\u2019\u00e2n-\u0131 Ker\u00eem\u2019in indirildi\u011fi gecenin ad\u0131 olarak an\u0131l\u0131r. Kur\u2019\u00e2n-\u0131 Ker\u00eem\u2019de ayn\u0131 ad\u0131 ta\u015f\u0131yan 97. s\u00fbrede s\u00f6z\u00fc edilen bu gecenin, bin aydan daha hayrl\u0131 oldu\u011fu belirtilir. Kadir gecesinin \u00f6nemine i\u015faret eden bir had\u00ees-i \u015fer\u00eefte, \u00f6nceki \u00fcmmetlerin uzun \u00f6m\u00fcrl\u00fc olmalar\u0131 sebebiyle fazla&hellip; <br \/> <a class=\"read-more\" href=\"https:\/\/itikaf.org\/en\/kadir-gecesi\/\">Read more<\/a><\/p>","protected":false},"author":6,"featured_media":0,"parent":0,"menu_order":0,"comment_status":"closed","ping_status":"closed","template":"","meta":{"footnotes":""},"class_list":["post-78","page","type-page","status-publish","hentry"],"_links":{"self":[{"href":"https:\/\/itikaf.org\/en\/wp-json\/wp\/v2\/pages\/78","targetHints":{"allow":["GET"]}}],"collection":[{"href":"https:\/\/itikaf.org\/en\/wp-json\/wp\/v2\/pages"}],"about":[{"href":"https:\/\/itikaf.org\/en\/wp-json\/wp\/v2\/types\/page"}],"author":[{"embeddable":true,"href":"https:\/\/itikaf.org\/en\/wp-json\/wp\/v2\/users\/6"}],"replies":[{"embeddable":true,"href":"https:\/\/itikaf.org\/en\/wp-json\/wp\/v2\/comments?post=78"}],"version-history":[{"count":1,"href":"https:\/\/itikaf.org\/en\/wp-json\/wp\/v2\/pages\/78\/revisions"}],"predecessor-version":[{"id":79,"href":"https:\/\/itikaf.org\/en\/wp-json\/wp\/v2\/pages\/78\/revisions\/79"}],"wp:attachment":[{"href":"https:\/\/itikaf.org\/en\/wp-json\/wp\/v2\/media?parent=78"}],"curies":[{"name":"wp","href":"https:\/\/api.w.org\/{rel}","templated":true}]}}