{"id":76,"date":"2019-04-24T13:43:44","date_gmt":"2019-04-24T13:43:44","guid":{"rendered":"https:\/\/itikaf.org\/?page_id=76"},"modified":"2019-04-24T13:43:44","modified_gmt":"2019-04-24T13:43:44","slug":"ramazan","status":"publish","type":"page","link":"https:\/\/itikaf.org\/en\/ramazan\/","title":{"rendered":"Ramadan"},"content":{"rendered":"<p>Ramadan is the name of the ninth month of the lunar year coming after Sha'ban, before Shawwal.<\/p>\n\n\n\n<p>Rama\u1e0d\u00e2n is the month in which the Quran was revealed as a guide for humanity with clear proofs of guidance and the standard \u02f9to distinguish between right and wrong\u02fa. So whoever is present this month, let them fast. (2\/Al-Baqarah, 185)<\/p>\n\n\n\n<p>It is possible to state Ramadan's main properties as follows:<\/p>\n\n\n\n<p>1) Quran had started to be descended in this month, and the night of Qadr, that is stated in verses and hadith to be more valuable than  a thousand months,  is also in this month. (el-Kadr 97\/3; Nesai, \u201c\u015e\u0131yam\u201d, 5)<\/p>\n\n\n\n<p>2) Fitrah, a monetary devotion, has to be paid at the end of this month and before the eid.<\/p>\n\n\n\n<p>3) It is favoured  to read Quran and contemplate quite often  in the month of Ramadan which is also called as \"The month of Quran\".<\/p>\n\n\n\n<h5 class=\"wp-block-heading\">\"Whoever prayed at night in it (the month of Ramadan) out of sincere Faith and hoping for a reward from Allah, then all his previous sins will be forgiven.\" (Buh\u00e2r\u00ee, \u00cem\u00e2n, 37; M\u00fcslim, M\u00fcs\u00e2fir\u00een, 173)<\/h5>\n\n\n\n<h5 class=\"wp-block-heading\">\"The Messenger of Allah said: 'Whoever fasts Ramadan out of faith and in the hope of reward, he will be forgiven his previous sins.\"  (Buh\u00e2r\u00ee, \u00cem\u00e2n, 28; M\u00fcslim, S\u0131yam, 203)<\/h5>\n\n\n\n<h5 class=\"wp-block-heading\">\"When the month of Ramadan starts, the gates of the heaven are opened and the gates of Hell are closed and the devils are chained.\" (Buh\u00e2r\u00ee, Savm, 5; M\u00fcslim, S\u0131yam, 1)<\/h5>\n\n\n\n<h5 class=\"wp-block-heading\">\"There are two joys for the fasting person: the joy when he breaks his fast, and the joy of when he meets his Lord.\" (Buh\u00e2r\u00ee, Savm, 2)<\/h5>\n\n\n\n<h5 class=\"wp-block-heading\">Every good deed is rewarded with ten of the same up to seven hundred times over. Fasting is for Me, and I shall reward for it.' (M\u00fcslim, \u201cS\u0131yam\u201d, 164)<\/h5>\n\n\n\n<figure class=\"wp-block-image\"><img decoding=\"async\" src=\"https:\/\/web.archive.org\/web\/20180905073944im_\/http:\/\/itikaf.org\/wp-content\/uploads\/2018\/04\/3.jpg\" alt=\"\"\/><\/figure>\n\n\n\n<h5 class=\"wp-block-heading\">O believers! Fasting is prescribed for you\u2014as it was for those before you---so perhaps you will become mindful \u02f9of Allah\u02fa. (2\/Al-Baqarah, 183)<\/h5>\n\n\n\n<h5 class=\"wp-block-heading\">\u02f9Fast \u02fa prescribed number of days.\u00a0But whoever of you is ill or on a journey, then \u02f9let them fast\u02fa an equal number of days \u02f9after Rama\u1e0d\u00e2n\u02fa. For those who can only fast with extreme difficulty,\u00a0compensation can be made by feeding a needy person \u02f9for every day not fasted\u02fa. But whoever volunteers to give more, it is better for them. And to fast is better for you, if only you knew. (2\/Al-Baqarah, 184)<\/h5>\n\n\n\n<figure class=\"wp-block-image\"><img decoding=\"async\" src=\"https:\/\/web.archive.org\/web\/20180905073944im_\/http:\/\/itikaf.org\/wp-content\/uploads\/2018\/04\/16.jpg\" alt=\"\"\/><\/figure>","protected":false},"excerpt":{"rendered":"<p>Ramazan, kamer\u00ee y\u0131l\u0131n \u015eaban\u2019dan sonra, \u015eevval\u2019den \u00f6nce gelen dokuzuncu ay\u0131n\u0131n ad\u0131d\u0131r. Orucun farz k\u0131l\u0131nd\u0131\u011f\u0131n\u0131 bildiren \u00e2yetlerin hemen ard\u0131ndan Ramazan\u2019\u0131n insanlara do\u011fru yolu g\u00f6steren ve hakk\u0131 bat\u0131ldan ay\u0131\u00adran Kur\u2019an\u2019\u0131n indirildi\u011fi ay oldu\u011fu belirtilir ve bu aya ula\u015fanlar\u0131n oru\u00e7 tutmas\u0131 emredilir (2\/Bakara, 185). Ramazan\u0131n ba\u015fl\u0131ca \u00f6zellikleri \u015fu \u015fekilde s\u0131ralanabilir: 1) Kur\u2019\u00e2n-\u0131 Ker\u00eem bu ayda indirilmeye ba\u015flanm\u0131\u015f olup&hellip; <br \/> <a class=\"read-more\" href=\"https:\/\/itikaf.org\/en\/ramazan\/\">Read more<\/a><\/p>","protected":false},"author":6,"featured_media":0,"parent":0,"menu_order":0,"comment_status":"closed","ping_status":"closed","template":"","meta":{"footnotes":""},"class_list":["post-76","page","type-page","status-publish","hentry"],"_links":{"self":[{"href":"https:\/\/itikaf.org\/en\/wp-json\/wp\/v2\/pages\/76","targetHints":{"allow":["GET"]}}],"collection":[{"href":"https:\/\/itikaf.org\/en\/wp-json\/wp\/v2\/pages"}],"about":[{"href":"https:\/\/itikaf.org\/en\/wp-json\/wp\/v2\/types\/page"}],"author":[{"embeddable":true,"href":"https:\/\/itikaf.org\/en\/wp-json\/wp\/v2\/users\/6"}],"replies":[{"embeddable":true,"href":"https:\/\/itikaf.org\/en\/wp-json\/wp\/v2\/comments?post=76"}],"version-history":[{"count":1,"href":"https:\/\/itikaf.org\/en\/wp-json\/wp\/v2\/pages\/76\/revisions"}],"predecessor-version":[{"id":77,"href":"https:\/\/itikaf.org\/en\/wp-json\/wp\/v2\/pages\/76\/revisions\/77"}],"wp:attachment":[{"href":"https:\/\/itikaf.org\/en\/wp-json\/wp\/v2\/media?parent=76"}],"curies":[{"name":"wp","href":"https:\/\/api.w.org\/{rel}","templated":true}]}}