{"id":57,"date":"2019-04-24T13:26:55","date_gmt":"2019-04-24T10:26:55","guid":{"rendered":"https:\/\/itikaf.org\/?page_id=57"},"modified":"2023-04-10T15:19:10","modified_gmt":"2023-04-10T12:19:10","slug":"sorular-cevaplar","status":"publish","type":"page","link":"https:\/\/itikaf.org\/en\/sorular-cevaplar\/","title":{"rendered":"Questions - Answers"},"content":{"rendered":"<p><strong>WHICH DAY DOES ITIKAF BEGIN IN RAMADAN, WHEN DOES IT END?<\/strong><\/p>\n\n\n\n<p>\u0130tikaf biti\u015f zaman\u0131 arefe g\u00fcn\u00fc ikindiden sonra \u00e7\u0131k\u0131labilir, ak\u015fam orada kalm\u0131\u015fsa bayrama kadar da devam ettirebilir.<\/p>\n\n\n\n<p><strong>ERKEKLER \u0130T\u0130K\u00c2FA NEREDE VE NASIL G\u0130REB\u0130L\u0130R?<\/strong><\/p>\n\n\n\n<p>Cuma ve be\u015f vakit namaz k\u0131l\u0131nan bir mescidde girmelidir. Niyet edip girmelidir.<\/p>\n\n\n\n<p><strong>\u0130T\u0130KAFA G\u0130RERKEN NASIL N\u0130YET ED\u0130L\u0130R?<\/strong><\/p>\n\n\n\n<p>\u00a0En k\u0131sa \u015fekli ile <strong>\u201cneveyt\u00fcl itikaf lillahi teala\u201d<\/strong> Allah-u Te\u00e2la i\u00e7in itikafa niyet ettim\u201d yeterlidir.<\/p>\n\n\n\n<p><strong>Kapsaml\u0131 Niyet<\/strong><\/p>\n\n\n\n<p><em>\u201cNeveyt\u00fc s\u00fcnnete\u2019l-i\u2019tik\u00e2fe f\u00ee h\u00e2ze\u2019l-mescidi il\u00e2 \u00e2hiri Ramaz\u00e2n\u201d<\/em><\/p>\n\n\n\n<p>Peygamber Efendimiz\u2019in Ramazan itik\u00e2f\u0131 s\u00fcnnetini \u00eef\u00e2ya;<\/p>\n\n\n\n<p>Haramlar\u0131n ve g\u00fcnahlar\u0131n her \u00e7e\u015fidinden \u015fiddetle ve dikkatle sak\u0131nma ve ka\u00e7\u0131nmaya;<\/p>\n\n\n\n<p>Zalim nefsimle cihada ve onu \u0131slaha \u00e7al\u0131\u015fmaya;<\/p>\n\n\n\n<p>K\u00f6t\u00fc huylar\u0131m\u0131 at\u0131p, g\u00fczel huylar kazan\u0131p ahl\u00e2k\u0131m\u0131 d\u00fczeltmeye;<\/p>\n\n\n\n<p>Vakitlerimi g\u00fcc\u00fcm yetti\u011fince ibadetle ge\u00e7irmeye;<\/p>\n\n\n\n<p>M\u00fcmk\u00fcn mertebe kimseyle m\u00e2l\u00e2y\u00e2n\u00ee konu\u015fmamaya;<\/p>\n\n\n\n<p>Devaml\u0131 abdestli durma\u011fa,&nbsp; yatarken abdestli uyumaya,<\/p>\n\n\n\n<p>Her abdest ald\u0131ktan sonra 2 rek\u00e2t tecd\u00eed-i vud\u00fb namaz\u0131 k\u0131lma\u011fa,<\/p>\n\n\n\n<p>\u0130\u015frak, Duh\u00e2, Evv\u00e2bin, Tehecc\u00fcd namazlar\u0131n\u0131 k\u0131lma\u011fa;<\/p>\n\n\n\n<p>Yatarken taze abdest al\u0131p 2 rek\u00e2t namaz k\u0131l\u0131p \u00f6yle uyumaya;<\/p>\n\n\n\n<p>Zikir ile \u00e7ok me\u015fgul olma\u011fa;<\/p>\n\n\n\n<p>Kur\u2019\u00e2n-\u0131 Ker\u00eem\u2019i \u00e7ok okuma\u011fa;<\/p>\n\n\n\n<p>\u00dcmmet-i Muhammed (a.s.)\u2019a \u00e7ok hay\u0131r dua etme\u011fe;<\/p>\n\n\n\n<p>Yats\u0131dan sonra biraz, i\u015fraktan sonra biraz, \u00f6\u011fleden sonra, ikindiden \u00f6nce biraz uyuyup, sair geri kalan vakitlerde canl\u0131 canl\u0131 \u015fuurlu ibadet i\u00e7in kuvvet kazanmaya;<\/p>\n\n\n\n<p>Kimseye kar\u0131\u015fmay\u0131p, kendi i\u015fimle me\u015fgul olup, ibadetlerimi \u015fahsen kusursuz yapma\u011fa \u00e7al\u0131\u015fmaya;<\/p>\n\n\n\n<p>\u015eahsen ho\u015flanmad\u0131\u011f\u0131m, be\u011fenmedi\u011fim \u015feyler ve durumlarla kar\u015f\u0131la\u015fsam bile sab\u0131r ve tahamm\u00fcl g\u00f6stermeye;<\/p>\n\n\n\n<p>Her \u015feyi hayra yormaya, herkesi ho\u015f g\u00f6rmeye, her olaydan ibret alma\u011fa \u00e7al\u0131\u015fmaya;<\/p>\n\n\n\n<p>Daima tefekk\u00fcr \u00fczere olmaya, her nefesi m\u00fcmk\u00fcn mertebe \u015fuurlu al\u0131p vermeye;<\/p>\n\n\n\n<p>G\u00fcnahlar\u0131m\u0131 \u00e7ok an\u0131p, g\u00f6z ya\u015f\u0131 ile Allah\u2019a \u00e7ok tevbe etmeye; g\u00fcc\u00fcm yetti\u011fince gayret etmeye niyyet eyledim, sen tevfikini bize refik eyle y\u00e2 Rabbi!<\/p>\n\n\n\n<p><strong>WHAT TO DO DURING ITIKAF?<\/strong><\/p>\n\n\n\n<p>A person who enters Itikaf makes his mind clear and devotes himself to the worship of Allah intensely. He reads Quran. He gets busy with dhikr and prayer. He performs Nafl prayers such as tahajjud, israq, duha, and awwab. Reads hadith. He can learn religious knowledge or teach it. He can read the life of the Prophet(sav), his image, and the morality of the prophets(a.s). He pays attention to not sinning, not spending idle time, not wasting time.<\/p>\n\n\n\n<p><strong>CAN WOMEN DO ITIKAF?<\/strong><\/p>\n\n\n\n<p>They can. Women can do itikaf at home. They set a room in their house as masjid, they say \"Here is my masjid\", and they do their itikaf in there. By complying with the conditions of itikaf and doing the devotions, they can gain the rewards of itikaf aswell.<\/p>\n\n\n\n<p><strong>\u0130T\u0130K\u00c2FA 10 G\u00dcNDEN AZ G\u0130R\u0130LEB\u0130L\u0130R M\u0130?<\/strong><\/p>\n\n\n\n<p>Evet, girilebilir. \u2018Nas\u0131l niyet edilir?\u2019 k\u0131sm\u0131ndaki \u015fekilde niyet edilir.<\/p>\n\n\n\n<p><strong>\u0130T\u0130K\u00c2F B\u0130T\u0130\u015e VAKT\u0130 NE ZAMANDIR?<\/strong><\/p>\n\n\n\n<p>\u0130tikaf biti\u015f zaman\u0131 arefe g\u00fcn\u00fc ikindiden sonra \u00e7\u0131k\u0131labilir, ak\u015fam orada kalm\u0131\u015fsa bayrama kadar da devam ettirebilir.<\/p>\n\n\n\n<p><strong>\u00a0\u0130T\u0130K\u00c2FI BOZAN HALLER NELERD\u0130R?<\/strong><\/p>\n\n\n\n<p>Zaruretsiz itikaf mahallini terk etmek, Kad\u0131nlarla temas, (Kad\u0131nlar i\u00e7in) kad\u0131nlar\u0131n \u00f6zel hallerinin vuku bulmas\u0131<\/p>\n\n\n\n<p><strong>\u00a0\u0130T\u0130K\u00c2FI BOZULAN K\u0130MSE NE YAPMALIDIR?<\/strong><\/p>\n\n\n\n<p>Devam etmek istiyorsa yeniden niyet edip kald\u0131\u011f\u0131 yerden devam etmeli, vacip itikaf ise vaadini yerine getirmelidir.<\/p>","protected":false},"excerpt":{"rendered":"<p>RAMAZAN&#8217;DA \u0130T\u0130K\u00c2F HANG\u0130 G\u00dcN BA\u015eLAR, HANG\u0130 G\u00dcN B\u0130TER? \u0130tikaf biti\u015f zaman\u0131 arefe g\u00fcn\u00fc ikindiden sonra \u00e7\u0131k\u0131labilir, ak\u015fam orada kalm\u0131\u015fsa bayrama kadar da devam ettirebilir. ERKEKLER \u0130T\u0130K\u00c2FA NEREDE VE NASIL G\u0130REB\u0130L\u0130R? Cuma ve be\u015f vakit namaz k\u0131l\u0131nan bir mescidde girmelidir. Niyet edip girmelidir. \u0130T\u0130KAFA G\u0130RERKEN NASIL N\u0130YET ED\u0130L\u0130R? \u00a0En k\u0131sa \u015fekli ile \u201cneveyt\u00fcl itikaf lillahi teala\u201d&hellip; <br \/> <a class=\"read-more\" href=\"https:\/\/itikaf.org\/en\/sorular-cevaplar\/\">Read more<\/a><\/p>","protected":false},"author":6,"featured_media":0,"parent":0,"menu_order":0,"comment_status":"closed","ping_status":"closed","template":"","meta":{"footnotes":""},"class_list":["post-57","page","type-page","status-publish","hentry"],"_links":{"self":[{"href":"https:\/\/itikaf.org\/en\/wp-json\/wp\/v2\/pages\/57","targetHints":{"allow":["GET"]}}],"collection":[{"href":"https:\/\/itikaf.org\/en\/wp-json\/wp\/v2\/pages"}],"about":[{"href":"https:\/\/itikaf.org\/en\/wp-json\/wp\/v2\/types\/page"}],"author":[{"embeddable":true,"href":"https:\/\/itikaf.org\/en\/wp-json\/wp\/v2\/users\/6"}],"replies":[{"embeddable":true,"href":"https:\/\/itikaf.org\/en\/wp-json\/wp\/v2\/comments?post=57"}],"version-history":[{"count":15,"href":"https:\/\/itikaf.org\/en\/wp-json\/wp\/v2\/pages\/57\/revisions"}],"predecessor-version":[{"id":325,"href":"https:\/\/itikaf.org\/en\/wp-json\/wp\/v2\/pages\/57\/revisions\/325"}],"wp:attachment":[{"href":"https:\/\/itikaf.org\/en\/wp-json\/wp\/v2\/media?parent=57"}],"curies":[{"name":"wp","href":"https:\/\/api.w.org\/{rel}","templated":true}]}}