{"id":51,"date":"2019-04-24T13:19:46","date_gmt":"2019-04-24T13:19:46","guid":{"rendered":"https:\/\/itikaf.org\/?page_id=51"},"modified":"2019-04-24T13:19:46","modified_gmt":"2019-04-24T13:19:46","slug":"itikafin-sartlari","status":"publish","type":"page","link":"https:\/\/itikaf.org\/en\/itikafin-sartlari\/","title":{"rendered":"Conditions of Itikaf"},"content":{"rendered":"<p>As with other devotions, there are some conditions of itikaf. We can list them as follows:<\/p>\n\n\n\n<p class=\"translation-block\"><strong>1- Intention.<\/strong> Intention is a must in itikaf as it is in other prayers. Waiting in the mosque without an intention is not considered itikaf.<\/p>\n\n\n\n<p class=\"translation-block\"><strong>2- Man entering itikaf in a masjid where prayers are performed 5 times a day.<\/strong> The most virtuous one of the itikaf is the one in Masjid al-Haram, then in Masjid an-Nabawi, then in Masjid al-Aqsa. The virtue in other masjids varies according to the number of the people usually praying there.<\/p>\n\n\n\n<p class=\"translation-block\"><strong>3- Fasting.<\/strong>\u00a0It is a condition for itikaf that is wajib.<\/p>\n\n\n\n<p class=\"translation-block\"><strong>4- Women being clean of menstruation and obstetrics.<\/strong> Since being junub does not prevent fasting, taharah is not necessary even in the wajib itikaf. Therefore, if there is unsureness in the masjid that itikaf is done in, itikaf will still be valid.<\/p>","protected":false},"excerpt":{"rendered":"<p>Di\u011fer ibadetlerin oldu\u011fu gibi itik\u00e2f\u0131n da birtak\u0131m \u015fartlar\u0131 vard\u0131r. Bunlar\u0131 \u015f\u00f6yle s\u0131ralayabiliriz: 1- Niyet.&nbsp;Niyet di\u011fer ibadetlerde \u015fart oldu\u011fu gibi itik\u00e2fta da \u015fartt\u0131r. Niyet etmeksizin camide beklemek itikaf yerine ge\u00e7mez. 2- Erke\u011fin be\u015f vakit cemaatle namaz k\u0131lanan mescidde itik\u00e2fa girmesi.&nbsp;\u0130tik\u00e2f\u0131n en faziletlisi Mescid-i Haram\u2019da, sonra Mescid-i Nebev\u00ee\u2019de, sonra Mescid-i Aks\u00e2\u2019da oland\u0131r. Di\u011fer mescidlerdeki fazilet cemaatin \u00e7oklu\u011funa&hellip; <br \/> <a class=\"read-more\" href=\"https:\/\/itikaf.org\/en\/itikafin-sartlari\/\">Read more<\/a><\/p>","protected":false},"author":6,"featured_media":0,"parent":0,"menu_order":0,"comment_status":"closed","ping_status":"closed","template":"","meta":{"footnotes":""},"class_list":["post-51","page","type-page","status-publish","hentry"],"_links":{"self":[{"href":"https:\/\/itikaf.org\/en\/wp-json\/wp\/v2\/pages\/51","targetHints":{"allow":["GET"]}}],"collection":[{"href":"https:\/\/itikaf.org\/en\/wp-json\/wp\/v2\/pages"}],"about":[{"href":"https:\/\/itikaf.org\/en\/wp-json\/wp\/v2\/types\/page"}],"author":[{"embeddable":true,"href":"https:\/\/itikaf.org\/en\/wp-json\/wp\/v2\/users\/6"}],"replies":[{"embeddable":true,"href":"https:\/\/itikaf.org\/en\/wp-json\/wp\/v2\/comments?post=51"}],"version-history":[{"count":1,"href":"https:\/\/itikaf.org\/en\/wp-json\/wp\/v2\/pages\/51\/revisions"}],"predecessor-version":[{"id":52,"href":"https:\/\/itikaf.org\/en\/wp-json\/wp\/v2\/pages\/51\/revisions\/52"}],"wp:attachment":[{"href":"https:\/\/itikaf.org\/en\/wp-json\/wp\/v2\/media?parent=51"}],"curies":[{"name":"wp","href":"https:\/\/api.w.org\/{rel}","templated":true}]}}