{"id":42,"date":"2019-04-24T13:09:00","date_gmt":"2019-04-24T10:09:00","guid":{"rendered":"https:\/\/itikaf.org\/?page_id=42"},"modified":"2026-03-06T17:22:02","modified_gmt":"2026-03-06T14:22:02","slug":"mesmerize","status":"publish","type":"page","link":"https:\/\/itikaf.org\/en\/","title":{"rendered":"Ana Sayfa"},"content":{"rendered":"<div  data-label=\"Overlappable\" data-id=\"overlappable--1\" data-export-id=\"overlappable-4-mc\" data-category=\"overlappable\" class=\"overlappable-4-mc content-section content-section-spacing\" data-overlap=\"true\" id=\"overlappable-1\" style=\"background-color: rgb(245, 250, 253); background-image: none;\">\n<div  class=\"gridContainer\">\n<div  data-type=\"row\" class=\"row spaced-cols text-center\">\n<div  class=\"col-xs-12 col-sm-4 col-padding col-md-4\">\n<div  data-type=\"column\" class=\"\">\n<h5  class=\"font-400\">3 MONTHS<\/h5>\n<p  class=\"\">Out of the holy months, Rajab and Sha'aban has a special importance which prepares servants of Allah in spirit and body for the month of Ramadan. The Prophet(PBUH) welcomed the 3 holy months joyfully praying as, \"O Allah! Make the months of Rajab and Sha'aban blessed for us, and let us reach the month of Ramadan\".<\/p>\n\n\n<\/div>\n<\/div>\n<div  class=\"col-xs-12 col-sm-4 col-padding col-md-4\">\n<div  data-type=\"column\" class=\"\">\n<h5  class=\"font-400\">RAJAB<\/h5>\n<p  class=\"\">Another event which increases the value of the month of Rajab is Miraj (Ascension). Accourding to one argument, Miraj is thought to have happened in the month of Rajab, during which Our Prophet(Pbuh) went to Masjid Al-Aqsa from Masjid Al-Haram, then from there he ascended to the seven levels of heaven.<\/p>\n\n<\/div>\n<\/div>\n<div  class=\"col-xs-12 col-sm-4 col-padding col-md-4\">\n<div  data-type=\"column\" class=\"\">\n<h5  class=\"font-400\">SHA'ABAN<\/h5>\n<p  class=\"\">The Messenger of Allah cared about fasting when it was the month of Sha'ban. The son he loved a lot, had realised that and when he asked the reason that the Prophet did not fast in other months as much as he did in the month of Sha'ban, Prophet answered, \"Sha'ban is a month between Rajab and Ramadhan, much neglected by people. In it, the actions of all servants are raised to the Lord of the Worlds; I love that my actions are not presented except that I am fasting.\"<\/p>\n\n<\/div>\n<\/div>\n<div  class=\"col-xs-12 col-sm-4 col-padding col-md-4\">\n<div  data-type=\"column\" class=\"\">\n<h5  class=\"font-400\">THE NIGHT OF BERA'AT<\/h5>\n<p  class=\"\">The Prophet (saw) also said to Aishah (ra) to explain how merciful Allah is at this night, \"Allah descends on the night of the middle of Sha\u2019ban to the lowest heaven, and\u00a0He forgives more than the numbers of hairs on the sheep of the Tribe Kalb\u00a0(an Arab tribe renowned for their great flocks of sheep)\"  (Tirmiz\u00ee, Savm, 39; \u0130bn M\u00e2ce, \u0130k\u00e2met, 191)<\/p>\n\n<\/div>\n<\/div>\n<div  class=\"col-xs-12 col-sm-4 col-padding col-md-4\">\n<div  data-type=\"column\" class=\"\">\n<h5  class=\"font-400\">RAMADAN<\/h5>\n<p  class=\"\">Rama\u1e0d\u00e2n is the month in which the Quran was revealed as a guide for humanity with clear proofs of guidance and the standard \u02f9to distinguish between right and wrong\u02fa. So whoever is present this month, let them fast. But whoever is ill or on a journey, then \u02f9let them fast\u02fa an equal number of days \u02f9after Rama\u1e0d\u00e2n\u02fa. Allah intends ease for you, not hardship, so that you may complete the prescribed period and proclaim the greatness of Allah for guiding you, and perhaps you will be grateful. (2\/Al-Baqarah, 185)<\/p>\n\n<\/div>\n<\/div>\n<div  class=\"col-xs-12 col-sm-4 col-padding col-md-4\">\n<div  data-type=\"column\" class=\"\">\n<h5  class=\"font-400\">ITIKAF<\/h5>\n<p  class=\"\">The messenger of Allah indicated the benefits of those who do Itikaf as follows: \"He, stays away from sins and he is written good deeds about as a person who has done all the good deeds(in life).\" (\u0130bn M\u00e2ce, S\u0131y\u00e2m, 67)<\/p>\n\n<\/div>\n<\/div>\n<\/div>\n<\/div>\n<\/div>","protected":false},"excerpt":{"rendered":"<p>\u00dc\u00c7 AYLAR M\u00fcbarek aylar aras\u0131nda, kullar\u0131 ruhen ve bedenen Ramazan\u2019a haz\u0131rlayan Receb ve \u015eaban aylar\u0131n\u0131n ayr\u0131 bir \u00f6nemi vard\u0131r. Receb ay\u0131 girdi\u011finde, \u201cAllah\u0131m! Receb ve \u015eaban\u2019\u0131 hakk\u0131m\u0131zda m\u00fcbarek eyle, bizi Ramazan\u2019a ula\u015ft\u0131r\u2026\u201d (Taber\u00e2n\u00ee, el-Mu\u2019cem\u00fc\u2019l-evsat, IV, 189) \u015feklinde dua eden Res\u00fblullah (sav), \u00fc\u00e7 aylar\u0131 sevin\u00e7 i\u00e7erisinde kar\u015f\u0131lam\u0131\u015ft\u0131r. RECEP Receb ay\u0131n\u0131n de\u011ferini y\u00fccelten \u00f6nemli bir h\u00e2dise de&hellip; <br \/> <a class=\"read-more\" href=\"https:\/\/itikaf.org\/en\/\">Read more<\/a><\/p>","protected":false},"author":6,"featured_media":0,"parent":0,"menu_order":0,"comment_status":"closed","ping_status":"closed","template":"","meta":{"footnotes":""},"class_list":["post-42","page","type-page","status-publish","hentry"],"_links":{"self":[{"href":"https:\/\/itikaf.org\/en\/wp-json\/wp\/v2\/pages\/42","targetHints":{"allow":["GET"]}}],"collection":[{"href":"https:\/\/itikaf.org\/en\/wp-json\/wp\/v2\/pages"}],"about":[{"href":"https:\/\/itikaf.org\/en\/wp-json\/wp\/v2\/types\/page"}],"author":[{"embeddable":true,"href":"https:\/\/itikaf.org\/en\/wp-json\/wp\/v2\/users\/6"}],"replies":[{"embeddable":true,"href":"https:\/\/itikaf.org\/en\/wp-json\/wp\/v2\/comments?post=42"}],"version-history":[{"count":10,"href":"https:\/\/itikaf.org\/en\/wp-json\/wp\/v2\/pages\/42\/revisions"}],"predecessor-version":[{"id":273,"href":"https:\/\/itikaf.org\/en\/wp-json\/wp\/v2\/pages\/42\/revisions\/273"}],"wp:attachment":[{"href":"https:\/\/itikaf.org\/en\/wp-json\/wp\/v2\/media?parent=42"}],"curies":[{"name":"wp","href":"https:\/\/api.w.org\/{rel}","templated":true}]}}